{"id":48,"date":"2019-12-22T18:14:45","date_gmt":"2019-12-22T17:14:45","guid":{"rendered":"https:\/\/www.wgn-neuching.de\/?page_id=48"},"modified":"2025-12-31T12:53:31","modified_gmt":"2025-12-31T11:53:31","slug":"unterstuetzen-sie-uns-durch-ihre-unterschrift","status":"publish","type":"page","link":"https:\/\/www.wgn-neuching.de\/","title":{"rendered":"Willkommen  bei der WGN"},"content":{"rendered":"\n<h2 class=\"wp-block-heading\">Kommunalwahl 2026 &#8211; hier finden Sie alle Infos<\/h2>\n\n\n\n<p>Alle Infos zur Kommunalwahl 2026, beispielsweise zu unserem B\u00fcrgermeisterkandidaten Christian Steiner, unseren Listenkandidaten, unseren Zielen sowie verschiedenen Terminen finden Sie auf der neu erstellten Website von Christian Steiner. Schauen Sie vorbei und informieren Sie sich!<\/p>\n\n\n\n<div class=\"wp-block-buttons is-layout-flex wp-block-buttons-is-layout-flex\">\n<div class=\"wp-block-button\"><a class=\"wp-block-button__link wp-element-button\" href=\"https:\/\/christian-steiner-neuching.de\">Zur Website<\/a><\/div>\n<\/div>\n\n\n\n<h2 class=\"wp-block-heading\">Aufstellungsversammlung &#8211; unser Team f\u00fcr die Kommunalwahl 2026 steht<\/h2>\n\n\n\n<p>Wir k\u00f6nnen auf eine gute und erfolgreiche Aufstellungsversammlung zur\u00fcckblicken!<br>Am vergangenen Donnerstag, den 27. November, wurde <strong>Christian Steiner<\/strong> als <strong>B\u00fcrgermeisterkandidat <\/strong>von den Mitgliedern der drei Gruppierungen SPD Neuching, WGN und \u00dcWG gew\u00e4hlt.<br>Zudem konnten wir eine tolle Liste mit engagierten Neuchingerinnen und Neuchingern auf die Beine stellen.<br>Danke an alle, die sich auf unseren gemeinsamen Liste engagieren.<\/p>\n\n\n\n<figure class=\"wp-block-image alignwide size-large\"><img data-recalc-dims=\"1\" loading=\"lazy\" decoding=\"async\" width=\"580\" height=\"378\" src=\"https:\/\/i0.wp.com\/www.wgn-neuching.de\/wp-content\/uploads\/2025\/11\/image0-1024x667.jpeg?resize=580%2C378&#038;ssl=1\" alt=\"\" class=\"wp-image-673\" srcset=\"https:\/\/i0.wp.com\/www.wgn-neuching.de\/wp-content\/uploads\/2025\/11\/image0.jpeg?resize=1024%2C667&amp;ssl=1 1024w, https:\/\/i0.wp.com\/www.wgn-neuching.de\/wp-content\/uploads\/2025\/11\/image0.jpeg?resize=300%2C195&amp;ssl=1 300w, https:\/\/i0.wp.com\/www.wgn-neuching.de\/wp-content\/uploads\/2025\/11\/image0.jpeg?resize=768%2C500&amp;ssl=1 768w, https:\/\/i0.wp.com\/www.wgn-neuching.de\/wp-content\/uploads\/2025\/11\/image0.jpeg?resize=1536%2C1000&amp;ssl=1 1536w, https:\/\/i0.wp.com\/www.wgn-neuching.de\/wp-content\/uploads\/2025\/11\/image0.jpeg?resize=1200%2C782&amp;ssl=1 1200w, https:\/\/i0.wp.com\/www.wgn-neuching.de\/wp-content\/uploads\/2025\/11\/image0.jpeg?w=1600&amp;ssl=1 1600w\" sizes=\"auto, (max-width: 580px) 100vw, 580px\" \/><\/figure>\n\n\n\n<div class=\"wp-block-buttons is-layout-flex wp-block-buttons-is-layout-flex\">\n<div class=\"wp-block-button\"><a class=\"wp-block-button__link wp-element-button\" href=\"https:\/\/www.merkur.de\/lokales\/erding\/neuching-ort377231\/buergermeister-von-neuching-christian-steiner-fordert-amtsinhaber-thomas-bartl-heraus-94060421.html\">Zum ARTIKEL &#8211; Merkur.de<\/a><\/div>\n<\/div>\n\n\n\n<h2 class=\"wp-block-heading\">Kommunalwahl 2026 &#8211; es geht los<\/h2>\n\n\n\n<div class=\"wp-block-media-text alignwide is-stacked-on-mobile is-vertically-aligned-center\" style=\"grid-template-columns:33% auto\"><figure class=\"wp-block-media-text__media\"><img data-recalc-dims=\"1\" loading=\"lazy\" decoding=\"async\" width=\"580\" height=\"580\" src=\"https:\/\/i0.wp.com\/www.wgn-neuching.de\/wp-content\/uploads\/2025\/11\/Logo_merge_FINAL.jpg?resize=580%2C580&#038;ssl=1\" alt=\"\" class=\"wp-image-670 size-full\" srcset=\"https:\/\/i0.wp.com\/www.wgn-neuching.de\/wp-content\/uploads\/2025\/11\/Logo_merge_FINAL.jpg?w=1024&amp;ssl=1 1024w, https:\/\/i0.wp.com\/www.wgn-neuching.de\/wp-content\/uploads\/2025\/11\/Logo_merge_FINAL.jpg?resize=300%2C300&amp;ssl=1 300w, https:\/\/i0.wp.com\/www.wgn-neuching.de\/wp-content\/uploads\/2025\/11\/Logo_merge_FINAL.jpg?resize=150%2C150&amp;ssl=1 150w, https:\/\/i0.wp.com\/www.wgn-neuching.de\/wp-content\/uploads\/2025\/11\/Logo_merge_FINAL.jpg?resize=768%2C768&amp;ssl=1 768w\" sizes=\"auto, (max-width: 580px) 100vw, 580px\" \/><\/figure><div class=\"wp-block-media-text__content\">\n<p>Die Kommunalwahl 2026 besch\u00e4ftigt bereits viele B\u00fcrgerinnen und B\u00fcrger.<br>Auch die WGN startet am Donnerstag, den 27. November mit der ersten \u00f6ffentlichen Veranstaltung in das Wahljahr &#8211; zusammen mit zwei starken Partnern: der SPD, Ortsverband Neuching und der \u00dcWG.<\/p>\n\n\n\n<p class=\"has-normal-font-size\">Dieser gemeinsame Wahlvorschlag sendet ein starkes Signal: auf Gemeindeebene z\u00e4hlen nur die Menschen, die sich engagieren &#8211; keine Parteizugeh\u00f6rigkeiten.<br>Geeint sind die Gruppierungen u.a. auch in der Unterst\u00fctzung eines gemeinsamen B\u00fcgermeister-Kandidaten &#8211; ebenfalls ein starkes Zeichen an die Neuchinger B\u00fcrgerinnen und B\u00fcrger.<\/p>\n\n\n\n<p>Mehr dazu in K\u00fcrze.<\/p>\n\n\n\n<p><br><\/p>\n\n\n\n<div class=\"wp-block-buttons is-layout-flex wp-block-buttons-is-layout-flex\">\n<div class=\"wp-block-button\"><a class=\"wp-block-button__link wp-element-button\" href=\"https:\/\/wgn-neuching.de\/index.php\/2025\/11\/26\/kommunalwahl-2026-einladung-zur-aufstellungsversammlung\/\">Einladung zur Aufstellungsversammlung am 27.11.2025<\/a><\/div>\n<\/div>\n<\/div><\/div>\n\n\n\n<div class=\"wp-block-columns is-layout-flex wp-container-core-columns-is-layout-9d6595d7 wp-block-columns-is-layout-flex\">\n<div class=\"wp-block-column is-layout-flow wp-block-column-is-layout-flow\"><\/div>\n\n\n\n<div class=\"wp-block-column is-layout-flow wp-block-column-is-layout-flow\"><\/div>\n<\/div>\n\n\n\n<h3 class=\"wp-block-heading\">Ostereiersuche am 01.04.2024<\/h3>\n\n\n\n<div class=\"wp-block-media-text alignwide is-stacked-on-mobile\"><figure class=\"wp-block-media-text__media\"><img data-recalc-dims=\"1\" loading=\"lazy\" decoding=\"async\" width=\"580\" height=\"435\" src=\"https:\/\/i0.wp.com\/www.wgn-neuching.de\/wp-content\/uploads\/2024\/04\/IMG_1856-1024x768.jpg?resize=580%2C435&#038;ssl=1\" alt=\"\" class=\"wp-image-598 size-full\" srcset=\"https:\/\/i0.wp.com\/www.wgn-neuching.de\/wp-content\/uploads\/2024\/04\/IMG_1856-scaled.jpg?resize=1024%2C768&amp;ssl=1 1024w, https:\/\/i0.wp.com\/www.wgn-neuching.de\/wp-content\/uploads\/2024\/04\/IMG_1856-scaled.jpg?resize=300%2C225&amp;ssl=1 300w, https:\/\/i0.wp.com\/www.wgn-neuching.de\/wp-content\/uploads\/2024\/04\/IMG_1856-scaled.jpg?resize=768%2C576&amp;ssl=1 768w, https:\/\/i0.wp.com\/www.wgn-neuching.de\/wp-content\/uploads\/2024\/04\/IMG_1856-scaled.jpg?resize=1536%2C1152&amp;ssl=1 1536w, https:\/\/i0.wp.com\/www.wgn-neuching.de\/wp-content\/uploads\/2024\/04\/IMG_1856-scaled.jpg?resize=2048%2C1536&amp;ssl=1 2048w, https:\/\/i0.wp.com\/www.wgn-neuching.de\/wp-content\/uploads\/2024\/04\/IMG_1856-scaled.jpg?resize=1200%2C900&amp;ssl=1 1200w, https:\/\/i0.wp.com\/www.wgn-neuching.de\/wp-content\/uploads\/2024\/04\/IMG_1856-scaled.jpg?resize=1980%2C1485&amp;ssl=1 1980w, https:\/\/i0.wp.com\/www.wgn-neuching.de\/wp-content\/uploads\/2024\/04\/IMG_1856-scaled.jpg?w=1740 1740w\" sizes=\"auto, (max-width: 580px) 100vw, 580px\" \/><\/figure><div class=\"wp-block-media-text__content\">\n<p>Wie schon im letzten Jahr fand auch heuer wieder unser Ostereiersuchen am Ostermontag am Wenhardhof in Niederneuching statt.<\/p>\n\n\n\n<p>Im Anschluss an den Ostermontags-Gottesdienst konnten sich die vielen Kinder, die gekommen sind, auf die Suche nach Schoko-Osterhasen, Eier und diverse andere s\u00fc\u00dfe Leckereien machen.<\/p>\n\n\n\n<div class=\"wp-block-buttons is-layout-flex wp-block-buttons-is-layout-flex\">\n<div class=\"wp-block-button\"><a class=\"wp-block-button__link wp-element-button\" href=\"https:\/\/www.wgn-neuching.de\/index.php\/2024\/04\/07\/ostereiersuchen-01-04-2024\/\">WEITER<\/a><\/div>\n<\/div>\n<\/div><\/div>\n\n\n\n<h3 class=\"wp-block-heading\">Sport- und Mehrzweckhalle Neuching &#8211; Die Aushubarbeiten haben begonnen<\/h3>\n\n\n\n<p>Der Startschuss zum Bau der Neuchinger Sporthalle ist gefallen. Seit Januar laufen die Erdarbeiten f\u00fcr den Bau, der neben einer Zweifach-Sporthalle weitere Bereiche wie bspw. einen Jugendraum, ein Vereinsheim und weitere Mehrzweck-(Sport)r\u00e4ume beinhalten wird.<\/p>\n\n\n\n<div class=\"wp-block-media-text alignwide is-stacked-on-mobile is-image-fill-element\"><figure class=\"wp-block-media-text__media\"><img data-recalc-dims=\"1\" loading=\"lazy\" decoding=\"async\" width=\"580\" height=\"534\" src=\"https:\/\/i0.wp.com\/www.wgn-neuching.de\/wp-content\/uploads\/2021\/02\/Lageplan-1024x943.jpg?resize=580%2C534&#038;ssl=1\" alt=\"\" class=\"wp-image-510 size-full\" style=\"object-position:50% 50%\" srcset=\"https:\/\/i0.wp.com\/www.wgn-neuching.de\/wp-content\/uploads\/2021\/02\/Lageplan.jpg?resize=1024%2C943&amp;ssl=1 1024w, https:\/\/i0.wp.com\/www.wgn-neuching.de\/wp-content\/uploads\/2021\/02\/Lageplan.jpg?resize=300%2C276&amp;ssl=1 300w, https:\/\/i0.wp.com\/www.wgn-neuching.de\/wp-content\/uploads\/2021\/02\/Lageplan.jpg?resize=768%2C707&amp;ssl=1 768w, https:\/\/i0.wp.com\/www.wgn-neuching.de\/wp-content\/uploads\/2021\/02\/Lageplan.jpg?w=1200&amp;ssl=1 1200w\" sizes=\"auto, (max-width: 580px) 100vw, 580px\" \/><\/figure><div class=\"wp-block-media-text__content\">\n<div class=\"wp-block-buttons is-layout-flex wp-block-buttons-is-layout-flex\">\n<div class=\"wp-block-button\"><a class=\"wp-block-button__link wp-element-button\" href=\"https:\/\/www.wgn-neuching.de\/index.php\/2021\/02\/06\/neubau-sporthalle-neuching\/\" target=\"_blank\" rel=\"noreferrer noopener\">Weiter<\/a><\/div>\n<\/div>\n<\/div><\/div>\n\n\n\n<h3 class=\"wp-block-heading has-text-align-left\">Zwei Sitze f\u00fcr die WGN bei der Gemeinderatswahl 2020 &#8211; wir sagen Danke!!!<\/h3>\n\n\n<div class=\"wp-block-image\">\n<figure class=\"aligncenter size-large\"><img data-recalc-dims=\"1\" loading=\"lazy\" decoding=\"async\" width=\"580\" height=\"386\" src=\"https:\/\/i0.wp.com\/www.wgn-neuching.de\/wp-content\/uploads\/2020\/03\/WGN_DANKE-1024x681.jpg?resize=580%2C386&#038;ssl=1\" alt=\"\" class=\"wp-image-459\" srcset=\"https:\/\/i0.wp.com\/www.wgn-neuching.de\/wp-content\/uploads\/2020\/03\/WGN_DANKE.jpg?resize=1024%2C681&amp;ssl=1 1024w, https:\/\/i0.wp.com\/www.wgn-neuching.de\/wp-content\/uploads\/2020\/03\/WGN_DANKE.jpg?resize=300%2C200&amp;ssl=1 300w, https:\/\/i0.wp.com\/www.wgn-neuching.de\/wp-content\/uploads\/2020\/03\/WGN_DANKE.jpg?resize=768%2C511&amp;ssl=1 768w, https:\/\/i0.wp.com\/www.wgn-neuching.de\/wp-content\/uploads\/2020\/03\/WGN_DANKE.jpg?resize=1200%2C799&amp;ssl=1 1200w, https:\/\/i0.wp.com\/www.wgn-neuching.de\/wp-content\/uploads\/2020\/03\/WGN_DANKE.jpg?w=1345&amp;ssl=1 1345w\" sizes=\"auto, (max-width: 580px) 100vw, 580px\" \/><\/figure>\n<\/div>\n\n\n<p>Grund zum Jubeln hatte die WGN nach der Gemeinderatswahl am 15. M\u00e4rz 2020. Obwohl unsere W\u00e4hlergemeinschaft erst im November 2019 gegr\u00fcndet wurde, schafften wir es auf Anhieb, durch Ihre Unterst\u00fctzung gleich zwei Sitze im Neuchinger Gemeinderat zu erhalten.<\/p>\n\n\n\n<figure class=\"wp-block-gallery has-nested-images columns-default is-cropped wp-block-gallery-1 is-layout-flex wp-block-gallery-is-layout-flex\">\n<figure class=\"wp-block-image size-large\"><img data-recalc-dims=\"1\" loading=\"lazy\" decoding=\"async\" width=\"580\" height=\"870\" data-id=\"461\" src=\"https:\/\/i0.wp.com\/www.wgn-neuching.de\/wp-content\/uploads\/2020\/03\/IMG_0067-683x1024.jpg?resize=580%2C870&#038;ssl=1\" alt=\"\" class=\"wp-image-461\" srcset=\"https:\/\/i0.wp.com\/www.wgn-neuching.de\/wp-content\/uploads\/2020\/03\/IMG_0067-scaled.jpg?resize=683%2C1024&amp;ssl=1 683w, https:\/\/i0.wp.com\/www.wgn-neuching.de\/wp-content\/uploads\/2020\/03\/IMG_0067-scaled.jpg?resize=200%2C300&amp;ssl=1 200w, https:\/\/i0.wp.com\/www.wgn-neuching.de\/wp-content\/uploads\/2020\/03\/IMG_0067-scaled.jpg?resize=768%2C1152&amp;ssl=1 768w, https:\/\/i0.wp.com\/www.wgn-neuching.de\/wp-content\/uploads\/2020\/03\/IMG_0067-scaled.jpg?resize=1024%2C1536&amp;ssl=1 1024w, https:\/\/i0.wp.com\/www.wgn-neuching.de\/wp-content\/uploads\/2020\/03\/IMG_0067-scaled.jpg?resize=1365%2C2048&amp;ssl=1 1365w, https:\/\/i0.wp.com\/www.wgn-neuching.de\/wp-content\/uploads\/2020\/03\/IMG_0067-scaled.jpg?resize=1200%2C1800&amp;ssl=1 1200w, https:\/\/i0.wp.com\/www.wgn-neuching.de\/wp-content\/uploads\/2020\/03\/IMG_0067-scaled.jpg?resize=1980%2C2970&amp;ssl=1 1980w, https:\/\/i0.wp.com\/www.wgn-neuching.de\/wp-content\/uploads\/2020\/03\/IMG_0067-scaled.jpg?w=1707&amp;ssl=1 1707w\" sizes=\"auto, (max-width: 580px) 100vw, 580px\" \/><\/figure>\n\n\n\n<figure class=\"wp-block-image size-large\"><img data-recalc-dims=\"1\" loading=\"lazy\" decoding=\"async\" width=\"580\" height=\"812\" data-id=\"462\" src=\"https:\/\/i0.wp.com\/www.wgn-neuching.de\/wp-content\/uploads\/2020\/03\/Steiner_Christian_009small_a.jpg?resize=580%2C812&#038;ssl=1\" alt=\"\" class=\"wp-image-462\" srcset=\"https:\/\/i0.wp.com\/www.wgn-neuching.de\/wp-content\/uploads\/2020\/03\/Steiner_Christian_009small_a.jpg?w=709&amp;ssl=1 709w, https:\/\/i0.wp.com\/www.wgn-neuching.de\/wp-content\/uploads\/2020\/03\/Steiner_Christian_009small_a.jpg?resize=214%2C300&amp;ssl=1 214w\" sizes=\"auto, (max-width: 580px) 100vw, 580px\" \/><\/figure>\n<\/figure>\n\n\n\n<p>F\u00fcr die WGN haben Markus Hermansdorfer und Christian Steiner die meisten Stimmen erhalten und ziehen somit in den Gemeinderat ein.<br><strong><span style=\"text-decoration: underline;\">Wir bedanken uns sehr f\u00fcr das entgegengebrachte Vertrauen!<br>Wir werden unser bestes f\u00fcr unsere Gemeinde geben!<\/span><\/strong><\/p>\n\n\n\n<div class=\"wp-block-button\"><a class=\"wp-block-button__link wp-element-button\" href=\"https:\/\/www.wgn-neuching.de\/wp-content\/uploads\/2020\/03\/Gemeinderat.pdf.pdf\">WEITER<\/a><\/div>\n\n\n\n<h3 class=\"wp-block-heading\">Corona-Pandemie &#8211;  Unterst\u00fctzung durch die Dirndlschaft Neiching:  Neiching baggd des! <\/h3>\n\n\n\n<p>Der Corona-Virus hat unser aller Leben stark eingeschr\u00e4nkt. Gerade die \u00c4lteren oder gesundheitlich Angeschlagenen geh\u00f6ren zur sogenannten Corona-Risikogruppe. In der aktuellen Situation ist es wichtig, dass wir alle zusammenstehen und uns gegenseitig unterst\u00fctzen.<br>Die Dirndlschaft Neiching bietet allen \u00e4lteren Menschen, Menschen mit Vorerkrankungen usw. ihre Hilfe an &#8211; beispielsweise bei der Erledigung des Einkaufs oder verschiedener Besorgungen in der \u00d6ffentlichkeit.<br><span style=\"text-decoration: underline;\">Weitere Infos und Kontaktdaten finden Sie <a href=\"https:\/\/www.vg-oberneuching.de\/index.php?option=com_content&amp;view=article&amp;id=1492:corona-unterstuetzung-dirndlschaft-neiching&amp;catid=132&amp;Itemid=276\" target=\"_blank\" rel=\"noreferrer noopener\" aria-label=\" (opens in a new tab)\"><strong>hier<\/strong><\/a>.<\/span><br>Wenn Sie jemanden kennen der Hilfe ben\u00f6tigt, bitte melden Sie sich bei der Dirndlschaft.<br><strong>Wir sagen Danke an die Dirndlschaft Neiching &#8211; <span style=\"text-decoration: underline;\">Neiching baggd des!<\/span><\/strong><\/p>\n\n\n\n<p><strong>Weitere Informationen und Links rund um das Thema Corona haben wir <a rel=\"noreferrer noopener\" aria-label=\"hier (opens in a new tab)\" href=\"https:\/\/www.wgn-neuching.de\/index.php\/2020\/03\/22\/corona-unterstuetzung-durch-dirndlschaft-neiching-sowie-weitere-infos-der-gemeinde-neuching\/\" target=\"_blank\">hier<\/a> f\u00fcr Sie zusammengestellt.<\/strong><\/p>\n\n\n\n<h3 class=\"wp-block-heading\">Warum die WGN &#8211; wof\u00fcr stehen wir? <\/h3>\n\n\n\n<p>Hier erfahren Sie mehr \u00fcber uns, wof\u00fcr wir stehen und welche Anliegen wir verfolgen,  um unser Neuching f\u00fcr alle Neuchinger noch lebenswerter zu machen.<\/p>\n\n\n\n<div class=\"wp-block-button\"><a class=\"wp-block-button__link has-background wp-element-button\" href=\"https:\/\/www.wgn-neuching.de\/index.php\/ueber-uns\/\" style=\"background-color:#1c6246\">Erfahren sie mehr \u00fcber uns<\/a><\/div>\n\n\n\n<h3 class=\"wp-block-heading\">Kandidatenvorstellung am 16.02.2020 &#8211; Danke f\u00fcr Ihre rege Teilnahme!<\/h3>\n\n\n\n<p>Am Sonntag den 16.02.2020 fand die Kandidatenvorstellung mit anschlie\u00dfendem Fr\u00fchschoppen im Feuerwehrhaus Niederneuching statt. B\u00fcrgermeisterkandidat Markus Hermansdorfer und sein Team konnten sich dabei bei Ihnen ausf\u00fchrlich vorstellen und Ihnen ihre Anliegen n\u00e4herbringen.<br>Einen Gewinner hat die Kandidatenvorstellung bereits: <span style=\"text-decoration: underline;\">dank Ihrer Spenden f\u00fcr die Wei\u00dfw\u00fcrste, Wiener und Getr\u00e4nke im Rahmen der Veranstaltung konnten wir 450 EUR an den Kindergarten St. Martin in Neuching \u00fcbergeben.<\/span> Dies kommt den M\u00e4dchen und Buben des Kindergartens zugute!<br>Danke an alle Besucher der Veranstaltung f\u00fcr Ihre Teilnahme, das Interesse an der WGN und die Spenden f\u00fcr unseren Kindergarten!<\/p>\n\n\n\n<div class=\"wp-block-button\"><a class=\"wp-block-button__link wp-element-button\" href=\"https:\/\/www.wgn-neuching.de\/index.php\/2020\/02\/19\/kandidatenvorstellung-am-16-02-2020\/\">Weiter<\/a><\/div>\n\n\n<div class=\"wp-block-image\">\n<figure class=\"aligncenter size-large\"><img data-recalc-dims=\"1\" loading=\"lazy\" decoding=\"async\" width=\"580\" height=\"131\" src=\"https:\/\/i0.wp.com\/www.wgn-neuching.de\/wp-content\/uploads\/2020\/01\/WGN-Logo_Wir-gestalten-Neuching-1024x232.jpg?resize=580%2C131&#038;ssl=1\" alt=\"\" class=\"wp-image-284\" srcset=\"https:\/\/i0.wp.com\/www.wgn-neuching.de\/wp-content\/uploads\/2020\/01\/WGN-Logo_Wir-gestalten-Neuching.jpg?resize=1024%2C232&amp;ssl=1 1024w, https:\/\/i0.wp.com\/www.wgn-neuching.de\/wp-content\/uploads\/2020\/01\/WGN-Logo_Wir-gestalten-Neuching.jpg?resize=300%2C68&amp;ssl=1 300w, https:\/\/i0.wp.com\/www.wgn-neuching.de\/wp-content\/uploads\/2020\/01\/WGN-Logo_Wir-gestalten-Neuching.jpg?resize=768%2C174&amp;ssl=1 768w, https:\/\/i0.wp.com\/www.wgn-neuching.de\/wp-content\/uploads\/2020\/01\/WGN-Logo_Wir-gestalten-Neuching.jpg?resize=1200%2C271&amp;ssl=1 1200w, https:\/\/i0.wp.com\/www.wgn-neuching.de\/wp-content\/uploads\/2020\/01\/WGN-Logo_Wir-gestalten-Neuching.jpg?w=1437&amp;ssl=1 1437w\" sizes=\"auto, (max-width: 580px) 100vw, 580px\" \/><\/figure>\n<\/div>\n\n\n<p><\/p>\n","protected":false},"excerpt":{"rendered":"<p>Kommunalwahl 2026 &#8211; hier finden Sie alle Infos Alle Infos zur Kommunalwahl 2026, beispielsweise zu unserem B\u00fcrgermeisterkandidaten Christian Steiner, unseren Listenkandidaten, unseren Zielen sowie verschiedenen Terminen finden Sie auf der neu erstellten Website von Christian Steiner. Schauen Sie vorbei und informieren Sie sich! Aufstellungsversammlung &#8211; unser Team f\u00fcr die Kommunalwahl 2026 steht Wir k\u00f6nnen auf [&hellip;]<\/p>\n","protected":false},"author":2,"featured_media":0,"parent":0,"menu_order":0,"comment_status":"closed","ping_status":"closed","template":"templates\/template-full-width.php","meta":{"footnotes":""},"class_list":["post-48","page","type-page","status-publish","hentry"],"jetpack_sharing_enabled":true,"_links":{"self":[{"href":"https:\/\/www.wgn-neuching.de\/index.php\/wp-json\/wp\/v2\/pages\/48","targetHints":{"allow":["GET"]}}],"collection":[{"href":"https:\/\/www.wgn-neuching.de\/index.php\/wp-json\/wp\/v2\/pages"}],"about":[{"href":"https:\/\/www.wgn-neuching.de\/index.php\/wp-json\/wp\/v2\/types\/page"}],"author":[{"embeddable":true,"href":"https:\/\/www.wgn-neuching.de\/index.php\/wp-json\/wp\/v2\/users\/2"}],"replies":[{"embeddable":true,"href":"https:\/\/www.wgn-neuching.de\/index.php\/wp-json\/wp\/v2\/comments?post=48"}],"version-history":[{"count":67,"href":"https:\/\/www.wgn-neuching.de\/index.php\/wp-json\/wp\/v2\/pages\/48\/revisions"}],"predecessor-version":[{"id":680,"href":"https:\/\/www.wgn-neuching.de\/index.php\/wp-json\/wp\/v2\/pages\/48\/revisions\/680"}],"wp:attachment":[{"href":"https:\/\/www.wgn-neuching.de\/index.php\/wp-json\/wp\/v2\/media?parent=48"}],"curies":[{"name":"wp","href":"https:\/\/api.w.org\/{rel}","templated":true}]}}