{"id":76,"date":"2019-12-22T18:52:06","date_gmt":"2019-12-22T17:52:06","guid":{"rendered":"https:\/\/www.wgn-neuching.de\/?page_id=76"},"modified":"2019-12-22T18:54:29","modified_gmt":"2019-12-22T17:54:29","slug":"impressum","status":"publish","type":"page","link":"https:\/\/www.wgn-neuching.de\/index.php\/impressum\/","title":{"rendered":"Impressum"},"content":{"rendered":"\n<p>W\u00e4hlergemeinschaft Gemeinsames Neuching<\/p>\n\n\n\n<p>Markus Hermansdorfer<br>1. Vorsitzender<\/p>\n\n\n\n<p>Postanschrift<br>Margeritenstra\u00dfe 23<br>85467 Neuching <\/p>\n\n\n\n<p><strong>Betreiber der Internetseite:<\/strong>&nbsp;WGN Neuching<br><strong>Webmaster:<\/strong>&nbsp;Christian Steiner<br><strong>Bildmaterial:<\/strong>&nbsp;Archiv der WGN Neuching<br>&nbsp;<br>&nbsp;\u00a9 2019, WGN Neuching<\/p>\n\n\n\n<p><br><strong>Haftungshinweis:<br><\/strong>Trotz sorgf\u00e4ltiger inhaltlicher Kontrolle \u00fcbernehmen wir keine Haftung f\u00fcr die Inhalte externer Links. F\u00fcr den Inhalt der verlinkten Seiten sind ausschlie\u00dflich deren Betreiber verantwortlich. Sollten Urheberrechte auf den Internetseiten der W\u00e4hlergemeinschaft Gemeinsames Neuching  in irgendeiner Form mi\u00dfachtet oder verletzt worden sein, so bitten wir um unverz\u00fcgliche Mitteilung.<\/p>\n","protected":false},"excerpt":{"rendered":"<p>W\u00e4hlergemeinschaft Gemeinsames Neuching Markus Hermansdorfer1. Vorsitzender PostanschriftMargeritenstra\u00dfe 2385467 Neuching Betreiber der Internetseite:&nbsp;WGN NeuchingWebmaster:&nbsp;Christian SteinerBildmaterial:&nbsp;Archiv der WGN Neuching&nbsp;&nbsp;\u00a9 2019, WGN Neuching Haftungshinweis:Trotz sorgf\u00e4ltiger inhaltlicher Kontrolle \u00fcbernehmen wir keine Haftung f\u00fcr die Inhalte externer Links. F\u00fcr den Inhalt der verlinkten Seiten sind ausschlie\u00dflich deren Betreiber verantwortlich. Sollten Urheberrechte auf den Internetseiten der W\u00e4hlergemeinschaft Gemeinsames Neuching in irgendeiner [&hellip;]<\/p>\n","protected":false},"author":2,"featured_media":0,"parent":0,"menu_order":0,"comment_status":"closed","ping_status":"closed","template":"","meta":{"footnotes":""},"class_list":["post-76","page","type-page","status-publish","hentry"],"jetpack_sharing_enabled":true,"_links":{"self":[{"href":"https:\/\/www.wgn-neuching.de\/index.php\/wp-json\/wp\/v2\/pages\/76","targetHints":{"allow":["GET"]}}],"collection":[{"href":"https:\/\/www.wgn-neuching.de\/index.php\/wp-json\/wp\/v2\/pages"}],"about":[{"href":"https:\/\/www.wgn-neuching.de\/index.php\/wp-json\/wp\/v2\/types\/page"}],"author":[{"embeddable":true,"href":"https:\/\/www.wgn-neuching.de\/index.php\/wp-json\/wp\/v2\/users\/2"}],"replies":[{"embeddable":true,"href":"https:\/\/www.wgn-neuching.de\/index.php\/wp-json\/wp\/v2\/comments?post=76"}],"version-history":[{"count":2,"href":"https:\/\/www.wgn-neuching.de\/index.php\/wp-json\/wp\/v2\/pages\/76\/revisions"}],"predecessor-version":[{"id":79,"href":"https:\/\/www.wgn-neuching.de\/index.php\/wp-json\/wp\/v2\/pages\/76\/revisions\/79"}],"wp:attachment":[{"href":"https:\/\/www.wgn-neuching.de\/index.php\/wp-json\/wp\/v2\/media?parent=76"}],"curies":[{"name":"wp","href":"https:\/\/api.w.org\/{rel}","templated":true}]}}